{"id":35470,"date":"2020-04-08T19:40:05","date_gmt":"2020-04-08T17:40:05","guid":{"rendered":"https:\/\/www.v-dala.se\/evenemang\/"},"modified":"2025-11-06T05:05:11","modified_gmt":"2025-11-06T04:05:11","slug":"evenemang","status":"publish","type":"page","link":"https:\/\/www.v-dala.se\/en\/evenemang\/","title":{"rendered":"Evenemang"},"content":{"rendered":"<div class=\"xdj266r x11i5rnm xat24cr x1mh8g0r x1vvkbs x126k92a\">\n<div dir=\"auto\">Midnatt r\u00e5der, men det \u00e4r inte tyst i v\u00e5rt hus! Det blir ist\u00e4llet julgask med efterf\u00f6ljande myslounge d\u00e4r man kan v\u00e4rma sig med gl\u00f6gg och annat juligt fram till klockan sl\u00e5r 02 och v\u00e5ra tomtar vill ha ensamr\u00e4tt p\u00e5 huset f\u00f6r sitt julfirande. <span class=\"html-span xexx8yu x4uap5 x18d9i69 xkhd6sd x1hl2dhg x16tdsg8 x1vvkbs x3nfvp2 x1j61x8r x1fcty0u xdj266r xat24cr xgzva0m xhhsvwb xxymvpz xlup9mm x1kky2od\"><img decoding=\"async\" loading=\"lazy\" class=\"xz74otr\" src=\"https:\/\/static.xx.fbcdn.net\/images\/emoji.php\/v9\/t1c\/2\/16\/1f56f.png\" alt=\"\ud83d\udd6f\" width=\"16\" height=\"16\" \/><\/span><\/div>\n<\/div>\n<div class=\"x11i5rnm xat24cr x1mh8g0r x1vvkbs xtlvy1s x126k92a\">\n<div dir=\"auto\">Den 7:e december har vi i s\u00e4rklass den mysigaste gasken man kan ha runt juletid! Det kommer bjudas p\u00e5 det godaste fr\u00e5n julbordet och ett extra sp\u00e4nnande julspex fr\u00e5n v\u00e5ra k\u00e4ra ab Kruthornen och Letta Gardet. S\u00e5 ta fram din juligaste kavaj och ta med dina v\u00e4nner f\u00f6r att hamna i ordentlig julst\u00e4mning \u2013 f\u00f6r vem beh\u00f6ver sn\u00f6 p\u00e5 julafton n\u00e4r V-Dala finns?<\/div>\n<\/div>\n<div class=\"x11i5rnm xat24cr x1mh8g0r x1vvkbs xtlvy1s x126k92a\">\n<div dir=\"auto\">Info inf\u00f6r gasken:<\/div>\n<div dir=\"auto\">Datum: 7 december<\/div>\n<\/div>\n<div class=\"x11i5rnm xat24cr x1mh8g0r x1vvkbs xtlvy1s x126k92a\">\n<div dir=\"auto\">Tid: 17dk<\/div>\n<\/div>\n<div class=\"x11i5rnm xat24cr x1mh8g0r x1vvkbs xtlvy1s x126k92a\">\n<div dir=\"auto\">Var: Stora salen @ V-Dala (S:t Larsgatan 13)<\/div>\n<\/div>\n<div class=\"x11i5rnm xat24cr x1mh8g0r x1vvkbs xtlvy1s x126k92a\">\n<div dir=\"auto\">Pris: 400 kr icke-medlemmar, 350 kr f\u00f6r medlemmar<\/div>\n<div dir=\"auto\">Anm\u00e4lan: Du anm\u00e4ler dig via att maila anmalan@v-dala.se eller genom att komma f\u00f6rbi under kuratorsexpedetionens \u00f6ppettider(tider finns p\u00e5 hemsidan och instagram)<\/div>\n<\/div>\n<div class=\"x11i5rnm xat24cr x1mh8g0r x1vvkbs xtlvy1s x126k92a\">\n<div dir=\"auto\">Anm\u00e4lan \u00f6ppnar den 4e november f\u00f6r medlemmar, 5e november f\u00f6r resterande.<\/div>\n<div dir=\"auto\">Sista anm\u00e4lningsdagen \u00e4r 26 november<\/div>\n<div dir=\"auto\">Kl\u00e4dkod: Kavaj<\/div>\n<\/div>\n<div class=\"x11i5rnm xat24cr x1mh8g0r x1vvkbs xtlvy1s x126k92a\">\n<div dir=\"auto\">Nationskort\/g\u00e4stkort + giltigt ID kr\u00e4vs!<\/div>\n<\/div>\n<div class=\"x11i5rnm xat24cr x1mh8g0r x1vvkbs xtlvy1s x126k92a\">\n<div dir=\"auto\">It&#8217;s midnight, but there&#8217;s no silence in our house! Instead, there will be a Christmas party followed by a cozy lounge where you can warm yourself with gl\u00f6gg and other Christmas things until the clock strikes 02 and our santas want exclusive rights to the house for their Christmas celebration.<span class=\"html-span xexx8yu x4uap5 x18d9i69 xkhd6sd x1hl2dhg x16tdsg8 x1vvkbs x3nfvp2 x1j61x8r x1fcty0u xdj266r xat24cr xgzva0m xhhsvwb xxymvpz xlup9mm x1kky2od\"><img decoding=\"async\" loading=\"lazy\" class=\"xz74otr\" src=\"https:\/\/static.xx.fbcdn.net\/images\/emoji.php\/v9\/t1c\/2\/16\/1f56f.png\" alt=\"\ud83d\udd6f\" width=\"16\" height=\"16\" \/><\/span><\/div>\n<\/div>\n<div class=\"x11i5rnm xat24cr x1mh8g0r x1vvkbs xtlvy1s x126k92a\">\n<div dir=\"auto\">On December 7th, we have by far the coziest gask you can have around Christmas time! There will be the tastiest from the Christmas table and an extra exciting Christmas show from our dear ab Kruthornen and Letta Gardet. So get out your Christmas suit and bring your friends to get into the Christmas spirit &#8211; because who needs snow on Christmas Eve when V-Dala is around?<\/div>\n<\/div>\n<div class=\"x11i5rnm xat24cr x1mh8g0r x1vvkbs xtlvy1s x126k92a\">\n<div dir=\"auto\">Info before the event:<\/div>\n<\/div>\n<div class=\"x11i5rnm xat24cr x1mh8g0r x1vvkbs xtlvy1s x126k92a\">\n<div dir=\"auto\">Date: December 7<\/div>\n<\/div>\n<div class=\"x11i5rnm xat24cr x1mh8g0r x1vvkbs xtlvy1s x126k92a\">\n<div dir=\"auto\">Time: 17dk<\/div>\n<\/div>\n<div class=\"x11i5rnm xat24cr x1mh8g0r x1vvkbs xtlvy1s x126k92a\">\n<div dir=\"auto\">Where: Stora salen @ V-Dala (S:t Larsgatan 13)<\/div>\n<\/div>\n<div class=\"x11i5rnm xat24cr x1mh8g0r x1vvkbs xtlvy1s x126k92a\">\n<div dir=\"auto\">Price: 400 SEK non-members, 350 SEK for members<\/div>\n<\/div>\n<div class=\"x11i5rnm xat24cr x1mh8g0r x1vvkbs xtlvy1s x126k92a\">\n<div dir=\"auto\">Registration: You register by emailing anmalan@v-dala.se or by coming by during the curator&#8217;s office hours (times are on the website and instagram)<\/div>\n<\/div>\n<div class=\"x11i5rnm xat24cr x1mh8g0r x1vvkbs xtlvy1s x126k92a\">\n<div dir=\"auto\">Registration deadline 26 November<\/div>\n<div dir=\"auto\">Registration opens on November 4th for members, November 5th for others.<\/div>\n<\/div>\n<div class=\"x11i5rnm xat24cr x1mh8g0r x1vvkbs xtlvy1s x126k92a\">\n<div dir=\"auto\">Dress code: Jacket<\/div>\n<\/div>\n<div class=\"x11i5rnm xat24cr x1mh8g0r x1vvkbs xtlvy1s x126k92a\">\n<div dir=\"auto\">Nation card \/ guest card + valid ID required!<\/div>\n<\/div>\n","protected":false},"excerpt":{"rendered":"Midnatt r\u00e5der, men det \u00e4r inte tyst i v\u00e5rt hus! Det blir ist\u00e4llet julgask med efterf\u00f6ljande myslounge d\u00e4r man kan v\u00e4rma sig med gl\u00f6gg och annat juligt fram till klockan sl\u00e5r 02 och v\u00e5ra tomtar vill ha ensamr\u00e4tt p\u00e5 huset f\u00f6r sitt julfirande. Den 7:e december har vi i s\u00e4rklass den mysigaste gasken man kan&#8230;","protected":false},"author":7,"featured_media":0,"parent":0,"menu_order":0,"comment_status":"closed","ping_status":"closed","template":"","meta":{"footnotes":""},"acf":[],"yoast_head":"<!-- This site is optimized with the Yoast SEO plugin v21.4 - https:\/\/yoast.com\/wordpress\/plugins\/seo\/ -->\n<title>Evenemang - V-Dala nation<\/title>\n<meta name=\"robots\" content=\"index, follow, max-snippet:-1, max-image-preview:large, max-video-preview:-1\" \/>\n<link rel=\"canonical\" href=\"https:\/\/mail.v-dala.se\/en\/evenemang\/\" \/>\n<meta property=\"og:locale\" content=\"en_US\" \/>\n<meta property=\"og:type\" content=\"article\" \/>\n<meta property=\"og:title\" content=\"Evenemang - V-Dala nation\" \/>\n<meta property=\"og:url\" content=\"https:\/\/mail.v-dala.se\/en\/evenemang\/\" \/>\n<meta property=\"og:site_name\" content=\"V-Dala nation\" \/>\n<meta property=\"article:modified_time\" content=\"2025-11-06T04:05:11+00:00\" \/>\n<meta property=\"og:image\" content=\"https:\/\/static.xx.fbcdn.net\/images\/emoji.php\/v9\/t1c\/2\/16\/1f56f.png\" \/>\n<meta name=\"twitter:card\" content=\"summary_large_image\" \/>\n<meta name=\"twitter:label1\" content=\"Est. reading time\" \/>\n\t<meta name=\"twitter:data1\" content=\"2 minutes\" \/>\n<script type=\"application\/ld+json\" class=\"yoast-schema-graph\">{\"@context\":\"https:\/\/schema.org\",\"@graph\":[{\"@type\":\"WebPage\",\"@id\":\"https:\/\/mail.v-dala.se\/en\/evenemang\/\",\"url\":\"https:\/\/mail.v-dala.se\/en\/evenemang\/\",\"name\":\"Evenemang - V-Dala nation\",\"isPartOf\":{\"@id\":\"https:\/\/mail.v-dala.se.hemsida.eu\/#website\"},\"datePublished\":\"2020-04-08T17:40:05+00:00\",\"dateModified\":\"2025-11-06T04:05:11+00:00\",\"breadcrumb\":{\"@id\":\"https:\/\/mail.v-dala.se\/en\/evenemang\/#breadcrumb\"},\"inLanguage\":\"en-US\",\"potentialAction\":[{\"@type\":\"ReadAction\",\"target\":[\"https:\/\/mail.v-dala.se\/en\/evenemang\/\"]}]},{\"@type\":\"BreadcrumbList\",\"@id\":\"https:\/\/mail.v-dala.se\/en\/evenemang\/#breadcrumb\",\"itemListElement\":[{\"@type\":\"ListItem\",\"position\":1,\"name\":\"Hem\",\"item\":\"https:\/\/v-dala.se.hemsida.eu\/en\/\"},{\"@type\":\"ListItem\",\"position\":2,\"name\":\"Evenemang\"}]},{\"@type\":\"WebSite\",\"@id\":\"https:\/\/mail.v-dala.se.hemsida.eu\/#website\",\"url\":\"https:\/\/mail.v-dala.se.hemsida.eu\/\",\"name\":\"V-Dala nation\",\"description\":\"V\u00e4stmanlands-Dala Nation f\u00f6r Studenternas Nytta och N\u00f6je - sedan 1639\",\"potentialAction\":[{\"@type\":\"SearchAction\",\"target\":{\"@type\":\"EntryPoint\",\"urlTemplate\":\"https:\/\/mail.v-dala.se.hemsida.eu\/?s={search_term_string}\"},\"query-input\":\"required name=search_term_string\"}],\"inLanguage\":\"en-US\"}]}<\/script>\n<!-- \/ Yoast SEO plugin. -->","yoast_head_json":{"title":"Evenemang - V-Dala nation","robots":{"index":"index","follow":"follow","max-snippet":"max-snippet:-1","max-image-preview":"max-image-preview:large","max-video-preview":"max-video-preview:-1"},"canonical":"https:\/\/mail.v-dala.se\/en\/evenemang\/","og_locale":"en_US","og_type":"article","og_title":"Evenemang - V-Dala nation","og_url":"https:\/\/mail.v-dala.se\/en\/evenemang\/","og_site_name":"V-Dala nation","article_modified_time":"2025-11-06T04:05:11+00:00","og_image":[{"url":"https:\/\/static.xx.fbcdn.net\/images\/emoji.php\/v9\/t1c\/2\/16\/1f56f.png"}],"twitter_card":"summary_large_image","twitter_misc":{"Est. reading time":"2 minutes"},"schema":{"@context":"https:\/\/schema.org","@graph":[{"@type":"WebPage","@id":"https:\/\/mail.v-dala.se\/en\/evenemang\/","url":"https:\/\/mail.v-dala.se\/en\/evenemang\/","name":"Evenemang - V-Dala nation","isPartOf":{"@id":"https:\/\/mail.v-dala.se.hemsida.eu\/#website"},"datePublished":"2020-04-08T17:40:05+00:00","dateModified":"2025-11-06T04:05:11+00:00","breadcrumb":{"@id":"https:\/\/mail.v-dala.se\/en\/evenemang\/#breadcrumb"},"inLanguage":"en-US","potentialAction":[{"@type":"ReadAction","target":["https:\/\/mail.v-dala.se\/en\/evenemang\/"]}]},{"@type":"BreadcrumbList","@id":"https:\/\/mail.v-dala.se\/en\/evenemang\/#breadcrumb","itemListElement":[{"@type":"ListItem","position":1,"name":"Hem","item":"https:\/\/v-dala.se.hemsida.eu\/en\/"},{"@type":"ListItem","position":2,"name":"Evenemang"}]},{"@type":"WebSite","@id":"https:\/\/mail.v-dala.se.hemsida.eu\/#website","url":"https:\/\/mail.v-dala.se.hemsida.eu\/","name":"V-Dala nation","description":"V\u00e4stmanlands-Dala Nation f\u00f6r Studenternas Nytta och N\u00f6je - sedan 1639","potentialAction":[{"@type":"SearchAction","target":{"@type":"EntryPoint","urlTemplate":"https:\/\/mail.v-dala.se.hemsida.eu\/?s={search_term_string}"},"query-input":"required name=search_term_string"}],"inLanguage":"en-US"}]}},"_links":{"self":[{"href":"https:\/\/www.v-dala.se\/en\/wp-json\/wp\/v2\/pages\/35470"}],"collection":[{"href":"https:\/\/www.v-dala.se\/en\/wp-json\/wp\/v2\/pages"}],"about":[{"href":"https:\/\/www.v-dala.se\/en\/wp-json\/wp\/v2\/types\/page"}],"author":[{"embeddable":true,"href":"https:\/\/www.v-dala.se\/en\/wp-json\/wp\/v2\/users\/7"}],"replies":[{"embeddable":true,"href":"https:\/\/www.v-dala.se\/en\/wp-json\/wp\/v2\/comments?post=35470"}],"version-history":[{"count":2,"href":"https:\/\/www.v-dala.se\/en\/wp-json\/wp\/v2\/pages\/35470\/revisions"}],"predecessor-version":[{"id":35877,"href":"https:\/\/www.v-dala.se\/en\/wp-json\/wp\/v2\/pages\/35470\/revisions\/35877"}],"wp:attachment":[{"href":"https:\/\/www.v-dala.se\/en\/wp-json\/wp\/v2\/media?parent=35470"}],"curies":[{"name":"wp","href":"https:\/\/api.w.org\/{rel}","templated":true}]}}