{"id":14712,"date":"2015-08-01T17:40:43","date_gmt":"2015-08-01T15:40:43","guid":{"rendered":"http:\/\/www.v-dala.se\/entertainment\/vrac\/"},"modified":"2025-11-06T06:09:29","modified_gmt":"2025-11-06T05:09:29","slug":"vrac","status":"publish","type":"page","link":"https:\/\/www.v-dala.se\/en\/vrac\/","title":{"rendered":"VRAC"},"content":{"rendered":"<p>VRAC, <em>V-Dala Royala AutomobilClub<\/em>, anordnar varje termin ett rebusrally p\u00e5 den uppl\u00e4ndska landsbygden.<\/p>\n<p>Du samlar ett g\u00e4ng v\u00e4nner och ser till att ni \u00e4r bilburna. VRAC-ledningen (som \u00e4r f\u00f6rra VRAC:s 2a, eller n\u00e4rmast d\u00e4refter som inte ordnat VRAC de senaste 2 g\u00e5ngerna&#8230;), f\u00f6rser er med karta och kluriga rebusar. D\u00e4refter v\u00e4ntar en heldag i exklusivt uppk\u00f6rda rallysp\u00e5r. Ja, sj\u00e4lvklart blir det lite lek l\u00e4ngs v\u00e4gen ocks\u00e5. Kv\u00e4llen avslutas med traditionsenlig sexa.<\/p>\n<p>Det \u00e4r viktigt att vara v\u00e4l f\u00f6rberedd f\u00f6r dagen, anpassa laget och bilen till temat, l\u00e4sa in sig p\u00e5 hur man l\u00f6ser rebusar, fundera p\u00e5 vilken muta som \u00e4r b\u00e4st just f\u00f6r den aktuella VRAC-ledningen, osv osv&#8230;<\/p>\n<p>L\u00e4s mer p\u00e5 <a href=\"https:\/\/www.facebook.com\/VRAC.Vdala\/info?tab=page_info\">VRAC:s\u00a0Facebooksida<\/a>\u00a0om n\u00e4r rallyt \u00e4ger rum.<\/p>\n<p>&nbsp;<\/p>\n","protected":false},"excerpt":{"rendered":"VRAC, V-Dala Royala AutomobilClub, anordnar varje termin ett rebusrally p\u00e5 den uppl\u00e4ndska landsbygden. Du samlar ett g\u00e4ng v\u00e4nner och ser till att ni \u00e4r bilburna. VRAC-ledningen (som \u00e4r f\u00f6rra VRAC:s 2a, eller n\u00e4rmast d\u00e4refter som inte ordnat VRAC de senaste 2 g\u00e5ngerna&#8230;), f\u00f6rser er med karta och kluriga rebusar. D\u00e4refter v\u00e4ntar en heldag i exklusivt&#8230;","protected":false},"author":7,"featured_media":0,"parent":0,"menu_order":0,"comment_status":"closed","ping_status":"closed","template":"","meta":{"footnotes":""},"acf":[],"yoast_head":"<!-- This site is optimized with the Yoast SEO plugin v21.4 - https:\/\/yoast.com\/wordpress\/plugins\/seo\/ -->\n<title>VRAC - V-Dala nation<\/title>\n<meta name=\"robots\" content=\"index, follow, max-snippet:-1, max-image-preview:large, max-video-preview:-1\" \/>\n<link rel=\"canonical\" href=\"https:\/\/www.v-dala.se\/en\/vrac\/\" \/>\n<meta property=\"og:locale\" content=\"en_US\" \/>\n<meta property=\"og:type\" content=\"article\" \/>\n<meta property=\"og:title\" content=\"VRAC - V-Dala nation\" \/>\n<meta property=\"og:url\" content=\"https:\/\/www.v-dala.se\/en\/vrac\/\" \/>\n<meta property=\"og:site_name\" content=\"V-Dala nation\" \/>\n<meta property=\"article:modified_time\" content=\"2025-11-06T05:09:29+00:00\" \/>\n<meta name=\"twitter:card\" content=\"summary_large_image\" \/>\n<meta name=\"twitter:label1\" content=\"Est. reading time\" \/>\n\t<meta name=\"twitter:data1\" content=\"1 minute\" \/>\n<script type=\"application\/ld+json\" class=\"yoast-schema-graph\">{\"@context\":\"https:\/\/schema.org\",\"@graph\":[{\"@type\":\"WebPage\",\"@id\":\"https:\/\/www.v-dala.se\/en\/vrac\/\",\"url\":\"https:\/\/www.v-dala.se\/en\/vrac\/\",\"name\":\"VRAC - V-Dala nation\",\"isPartOf\":{\"@id\":\"https:\/\/www.v-dala.se\/#website\"},\"datePublished\":\"2015-08-01T15:40:43+00:00\",\"dateModified\":\"2025-11-06T05:09:29+00:00\",\"breadcrumb\":{\"@id\":\"https:\/\/www.v-dala.se\/en\/vrac\/#breadcrumb\"},\"inLanguage\":\"en-US\",\"potentialAction\":[{\"@type\":\"ReadAction\",\"target\":[\"https:\/\/www.v-dala.se\/en\/vrac\/\"]}]},{\"@type\":\"BreadcrumbList\",\"@id\":\"https:\/\/www.v-dala.se\/en\/vrac\/#breadcrumb\",\"itemListElement\":[{\"@type\":\"ListItem\",\"position\":1,\"name\":\"Hem\",\"item\":\"https:\/\/v-dala.se\/en\/\"},{\"@type\":\"ListItem\",\"position\":2,\"name\":\"VRAC\"}]},{\"@type\":\"WebSite\",\"@id\":\"https:\/\/www.v-dala.se\/#website\",\"url\":\"https:\/\/www.v-dala.se\/\",\"name\":\"V-Dala nation\",\"description\":\"V\u00e4stmanlands-Dala Nation f\u00f6r Studenternas Nytta och N\u00f6je - sedan 1639\",\"potentialAction\":[{\"@type\":\"SearchAction\",\"target\":{\"@type\":\"EntryPoint\",\"urlTemplate\":\"https:\/\/www.v-dala.se\/?s={search_term_string}\"},\"query-input\":\"required name=search_term_string\"}],\"inLanguage\":\"en-US\"}]}<\/script>\n<!-- \/ Yoast SEO plugin. -->","yoast_head_json":{"title":"VRAC - V-Dala nation","robots":{"index":"index","follow":"follow","max-snippet":"max-snippet:-1","max-image-preview":"max-image-preview:large","max-video-preview":"max-video-preview:-1"},"canonical":"https:\/\/www.v-dala.se\/en\/vrac\/","og_locale":"en_US","og_type":"article","og_title":"VRAC - V-Dala nation","og_url":"https:\/\/www.v-dala.se\/en\/vrac\/","og_site_name":"V-Dala nation","article_modified_time":"2025-11-06T05:09:29+00:00","twitter_card":"summary_large_image","twitter_misc":{"Est. reading time":"1 minute"},"schema":{"@context":"https:\/\/schema.org","@graph":[{"@type":"WebPage","@id":"https:\/\/www.v-dala.se\/en\/vrac\/","url":"https:\/\/www.v-dala.se\/en\/vrac\/","name":"VRAC - V-Dala nation","isPartOf":{"@id":"https:\/\/www.v-dala.se\/#website"},"datePublished":"2015-08-01T15:40:43+00:00","dateModified":"2025-11-06T05:09:29+00:00","breadcrumb":{"@id":"https:\/\/www.v-dala.se\/en\/vrac\/#breadcrumb"},"inLanguage":"en-US","potentialAction":[{"@type":"ReadAction","target":["https:\/\/www.v-dala.se\/en\/vrac\/"]}]},{"@type":"BreadcrumbList","@id":"https:\/\/www.v-dala.se\/en\/vrac\/#breadcrumb","itemListElement":[{"@type":"ListItem","position":1,"name":"Hem","item":"https:\/\/v-dala.se\/en\/"},{"@type":"ListItem","position":2,"name":"VRAC"}]},{"@type":"WebSite","@id":"https:\/\/www.v-dala.se\/#website","url":"https:\/\/www.v-dala.se\/","name":"V-Dala nation","description":"V\u00e4stmanlands-Dala Nation f\u00f6r Studenternas Nytta och N\u00f6je - sedan 1639","potentialAction":[{"@type":"SearchAction","target":{"@type":"EntryPoint","urlTemplate":"https:\/\/www.v-dala.se\/?s={search_term_string}"},"query-input":"required name=search_term_string"}],"inLanguage":"en-US"}]}},"_links":{"self":[{"href":"https:\/\/www.v-dala.se\/en\/wp-json\/wp\/v2\/pages\/14712"}],"collection":[{"href":"https:\/\/www.v-dala.se\/en\/wp-json\/wp\/v2\/pages"}],"about":[{"href":"https:\/\/www.v-dala.se\/en\/wp-json\/wp\/v2\/types\/page"}],"author":[{"embeddable":true,"href":"https:\/\/www.v-dala.se\/en\/wp-json\/wp\/v2\/users\/7"}],"replies":[{"embeddable":true,"href":"https:\/\/www.v-dala.se\/en\/wp-json\/wp\/v2\/comments?post=14712"}],"version-history":[{"count":3,"href":"https:\/\/www.v-dala.se\/en\/wp-json\/wp\/v2\/pages\/14712\/revisions"}],"predecessor-version":[{"id":35902,"href":"https:\/\/www.v-dala.se\/en\/wp-json\/wp\/v2\/pages\/14712\/revisions\/35902"}],"wp:attachment":[{"href":"https:\/\/www.v-dala.se\/en\/wp-json\/wp\/v2\/media?parent=14712"}],"curies":[{"name":"wp","href":"https:\/\/api.w.org\/{rel}","templated":true}]}}