{"id":1356,"date":"2014-05-13T16:41:15","date_gmt":"2014-05-13T14:41:15","guid":{"rendered":"http:\/\/vdala.fantasmo.se\/membership\/aldre-lansman-v-dala-vanner\/foreningen-vastmanlands-dala-nations-vanner\/"},"modified":"2022-10-12T16:22:52","modified_gmt":"2022-10-12T15:22:52","slug":"foreningen-vastmanlands-dala-nations-vanner","status":"publish","type":"page","link":"https:\/\/www.v-dala.se\/en\/membership\/aldre-lansman-v-dala-vanner\/foreningen-vastmanlands-dala-nations-vanner\/","title":{"rendered":"F\u00f6reningen V\u00e4stmanlands-Dala nations v\u00e4nner(Alumni association &#8211; Friends of V-Dala)"},"content":{"rendered":"<p>F\u00f6reningen V\u00e4stmanlands-Dala nations v\u00e4nner, informally V-Dala V\u00e4nner, was originally F\u00f6reningen V\u00e4stmanl\u00e4nningar och Dalkarlar (the Association Westmen and Dalecarlians), FVDK, which was founded on May 1st, 1955. It was decided that the name be changed at a general meeting on May 1st 2007. Apart from the name, the bylaws remain the same. \u00a0Key concepts are \u00a0\u201cpreserving and strengthening the members\u2019 feelings of fellowship with one another and with \u00a0the active students of V\u00e4stmanlands-Dala Nation\u201d \u00a0att \u201dto be the members\u2019 point of contact with the nation in matters which have to do with them\u201d and further to \u201cbenefit the nation in other matters.\u201d<\/p>\n<p>Eligible for membership are all honorary members, anyone who has been a member for at least five semesters, and others decided by the board of V-Dala V\u00e4nner. At present, this association counts around 350 people among its ranks. Membership is 75 SEK\/annum. Become a member by depositing the membership fee to the association\u2019s postgiro account 41 38 41-8. As a member, you will receive a registry with information about the members and the Nation\u2019s magazine, Landskapsposten twice yearly.<\/p>\n<p>General meetings are held every other year, normally May 1st, and consequently every four years in conjuncture with the Senior Members&#8217; Meeting. Every semester, the association hosts various functions and gathers present and past members of the nation to, among other things, May dinner, Autumn feast, balls or gasks. V-Dala V\u00e4nner supports the Nation, for example with monetary assistance for important investments and activities, presents grant money at the Autumn feast and keeps its members informed of what goes on at the Nation.<\/p>\n","protected":false},"excerpt":{"rendered":"F\u00f6reningen V\u00e4stmanlands-Dala nations v\u00e4nner, informally V-Dala V\u00e4nner, was originally F\u00f6reningen V\u00e4stmanl\u00e4nningar och Dalkarlar (the Association Westmen and Dalecarlians), FVDK, which was founded on May 1st, 1955. It was decided that the name be changed at a general meeting on May 1st 2007. Apart from the name, the bylaws remain the same. \u00a0Key concepts are \u00a0\u201cpreserving&#8230;","protected":false},"author":7,"featured_media":0,"parent":1214,"menu_order":0,"comment_status":"open","ping_status":"open","template":"","meta":{"footnotes":""},"acf":[],"yoast_head":"<!-- This site is optimized with the Yoast SEO plugin v21.4 - https:\/\/yoast.com\/wordpress\/plugins\/seo\/ -->\n<title>F\u00f6reningen V\u00e4stmanlands-Dala nations v\u00e4nner(Alumni association - Friends of V-Dala) - V-Dala nation<\/title>\n<meta name=\"robots\" content=\"index, follow, max-snippet:-1, max-image-preview:large, max-video-preview:-1\" \/>\n<link rel=\"canonical\" href=\"https:\/\/v-dala.se\/en\/membership\/aldre-lansman-v-dala-vanner\/foreningen-vastmanlands-dala-nations-vanner\/\" \/>\n<meta property=\"og:locale\" content=\"en_US\" \/>\n<meta property=\"og:type\" content=\"article\" \/>\n<meta property=\"og:title\" content=\"F\u00f6reningen V\u00e4stmanlands-Dala nations v\u00e4nner(Alumni association - Friends of V-Dala) - V-Dala nation\" \/>\n<meta property=\"og:url\" content=\"https:\/\/v-dala.se\/en\/membership\/aldre-lansman-v-dala-vanner\/foreningen-vastmanlands-dala-nations-vanner\/\" \/>\n<meta property=\"og:site_name\" content=\"V-Dala nation\" \/>\n<meta property=\"article:modified_time\" content=\"2022-10-12T15:22:52+00:00\" \/>\n<meta name=\"twitter:card\" content=\"summary_large_image\" \/>\n<meta name=\"twitter:label1\" content=\"Est. reading time\" \/>\n\t<meta name=\"twitter:data1\" content=\"2 minutes\" \/>\n<script type=\"application\/ld+json\" class=\"yoast-schema-graph\">{\"@context\":\"https:\/\/schema.org\",\"@graph\":[{\"@type\":\"WebPage\",\"@id\":\"https:\/\/v-dala.se\/en\/membership\/aldre-lansman-v-dala-vanner\/foreningen-vastmanlands-dala-nations-vanner\/\",\"url\":\"https:\/\/v-dala.se\/en\/membership\/aldre-lansman-v-dala-vanner\/foreningen-vastmanlands-dala-nations-vanner\/\",\"name\":\"F\u00f6reningen V\u00e4stmanlands-Dala nations v\u00e4nner(Alumni association - Friends of V-Dala) - V-Dala nation\",\"isPartOf\":{\"@id\":\"https:\/\/www.v-dala.se\/#website\"},\"datePublished\":\"2014-05-13T14:41:15+00:00\",\"dateModified\":\"2022-10-12T15:22:52+00:00\",\"breadcrumb\":{\"@id\":\"https:\/\/v-dala.se\/en\/membership\/aldre-lansman-v-dala-vanner\/foreningen-vastmanlands-dala-nations-vanner\/#breadcrumb\"},\"inLanguage\":\"en-US\",\"potentialAction\":[{\"@type\":\"ReadAction\",\"target\":[\"https:\/\/v-dala.se\/en\/membership\/aldre-lansman-v-dala-vanner\/foreningen-vastmanlands-dala-nations-vanner\/\"]}]},{\"@type\":\"BreadcrumbList\",\"@id\":\"https:\/\/v-dala.se\/en\/membership\/aldre-lansman-v-dala-vanner\/foreningen-vastmanlands-dala-nations-vanner\/#breadcrumb\",\"itemListElement\":[{\"@type\":\"ListItem\",\"position\":1,\"name\":\"Hem\",\"item\":\"https:\/\/www.v-dala.se\/en\/\"},{\"@type\":\"ListItem\",\"position\":2,\"name\":\"Membership\",\"item\":\"https:\/\/v-dala.se\/en\/membership\/\"},{\"@type\":\"ListItem\",\"position\":3,\"name\":\"Alumnus &#8211; V-Dala v\u00e4nner\",\"item\":\"https:\/\/v-dala.se\/en\/membership\/aldre-lansman-v-dala-vanner\/\"},{\"@type\":\"ListItem\",\"position\":4,\"name\":\"F\u00f6reningen V\u00e4stmanlands-Dala nations v\u00e4nner(Alumni association &#8211; Friends of V-Dala)\"}]},{\"@type\":\"WebSite\",\"@id\":\"https:\/\/www.v-dala.se\/#website\",\"url\":\"https:\/\/www.v-dala.se\/\",\"name\":\"V-Dala nation\",\"description\":\"V\u00e4stmanlands-Dala Nation f\u00f6r Studenternas Nytta och N\u00f6je - sedan 1639\",\"potentialAction\":[{\"@type\":\"SearchAction\",\"target\":{\"@type\":\"EntryPoint\",\"urlTemplate\":\"https:\/\/www.v-dala.se\/?s={search_term_string}\"},\"query-input\":\"required name=search_term_string\"}],\"inLanguage\":\"en-US\"}]}<\/script>\n<!-- \/ Yoast SEO plugin. -->","yoast_head_json":{"title":"F\u00f6reningen V\u00e4stmanlands-Dala nations v\u00e4nner(Alumni association - Friends of V-Dala) - V-Dala nation","robots":{"index":"index","follow":"follow","max-snippet":"max-snippet:-1","max-image-preview":"max-image-preview:large","max-video-preview":"max-video-preview:-1"},"canonical":"https:\/\/v-dala.se\/en\/membership\/aldre-lansman-v-dala-vanner\/foreningen-vastmanlands-dala-nations-vanner\/","og_locale":"en_US","og_type":"article","og_title":"F\u00f6reningen V\u00e4stmanlands-Dala nations v\u00e4nner(Alumni association - Friends of V-Dala) - V-Dala nation","og_url":"https:\/\/v-dala.se\/en\/membership\/aldre-lansman-v-dala-vanner\/foreningen-vastmanlands-dala-nations-vanner\/","og_site_name":"V-Dala nation","article_modified_time":"2022-10-12T15:22:52+00:00","twitter_card":"summary_large_image","twitter_misc":{"Est. reading time":"2 minutes"},"schema":{"@context":"https:\/\/schema.org","@graph":[{"@type":"WebPage","@id":"https:\/\/v-dala.se\/en\/membership\/aldre-lansman-v-dala-vanner\/foreningen-vastmanlands-dala-nations-vanner\/","url":"https:\/\/v-dala.se\/en\/membership\/aldre-lansman-v-dala-vanner\/foreningen-vastmanlands-dala-nations-vanner\/","name":"F\u00f6reningen V\u00e4stmanlands-Dala nations v\u00e4nner(Alumni association - Friends of V-Dala) - V-Dala nation","isPartOf":{"@id":"https:\/\/www.v-dala.se\/#website"},"datePublished":"2014-05-13T14:41:15+00:00","dateModified":"2022-10-12T15:22:52+00:00","breadcrumb":{"@id":"https:\/\/v-dala.se\/en\/membership\/aldre-lansman-v-dala-vanner\/foreningen-vastmanlands-dala-nations-vanner\/#breadcrumb"},"inLanguage":"en-US","potentialAction":[{"@type":"ReadAction","target":["https:\/\/v-dala.se\/en\/membership\/aldre-lansman-v-dala-vanner\/foreningen-vastmanlands-dala-nations-vanner\/"]}]},{"@type":"BreadcrumbList","@id":"https:\/\/v-dala.se\/en\/membership\/aldre-lansman-v-dala-vanner\/foreningen-vastmanlands-dala-nations-vanner\/#breadcrumb","itemListElement":[{"@type":"ListItem","position":1,"name":"Hem","item":"https:\/\/www.v-dala.se\/en\/"},{"@type":"ListItem","position":2,"name":"Membership","item":"https:\/\/v-dala.se\/en\/membership\/"},{"@type":"ListItem","position":3,"name":"Alumnus &#8211; V-Dala v\u00e4nner","item":"https:\/\/v-dala.se\/en\/membership\/aldre-lansman-v-dala-vanner\/"},{"@type":"ListItem","position":4,"name":"F\u00f6reningen V\u00e4stmanlands-Dala nations v\u00e4nner(Alumni association &#8211; Friends of V-Dala)"}]},{"@type":"WebSite","@id":"https:\/\/www.v-dala.se\/#website","url":"https:\/\/www.v-dala.se\/","name":"V-Dala nation","description":"V\u00e4stmanlands-Dala Nation f\u00f6r Studenternas Nytta och N\u00f6je - sedan 1639","potentialAction":[{"@type":"SearchAction","target":{"@type":"EntryPoint","urlTemplate":"https:\/\/www.v-dala.se\/?s={search_term_string}"},"query-input":"required name=search_term_string"}],"inLanguage":"en-US"}]}},"_links":{"self":[{"href":"https:\/\/www.v-dala.se\/en\/wp-json\/wp\/v2\/pages\/1356"}],"collection":[{"href":"https:\/\/www.v-dala.se\/en\/wp-json\/wp\/v2\/pages"}],"about":[{"href":"https:\/\/www.v-dala.se\/en\/wp-json\/wp\/v2\/types\/page"}],"author":[{"embeddable":true,"href":"https:\/\/www.v-dala.se\/en\/wp-json\/wp\/v2\/users\/7"}],"replies":[{"embeddable":true,"href":"https:\/\/www.v-dala.se\/en\/wp-json\/wp\/v2\/comments?post=1356"}],"version-history":[{"count":7,"href":"https:\/\/www.v-dala.se\/en\/wp-json\/wp\/v2\/pages\/1356\/revisions"}],"predecessor-version":[{"id":31562,"href":"https:\/\/www.v-dala.se\/en\/wp-json\/wp\/v2\/pages\/1356\/revisions\/31562"}],"up":[{"embeddable":true,"href":"https:\/\/www.v-dala.se\/en\/wp-json\/wp\/v2\/pages\/1214"}],"wp:attachment":[{"href":"https:\/\/www.v-dala.se\/en\/wp-json\/wp\/v2\/media?parent=1356"}],"curies":[{"name":"wp","href":"https:\/\/api.w.org\/{rel}","templated":true}]}}